{"id":2955,"date":"2022-12-30T23:47:50","date_gmt":"2022-12-30T23:47:50","guid":{"rendered":"https:\/\/www.afroleck.com\/fr\/?post_type=product&#038;p=2955"},"modified":"2022-12-31T03:47:01","modified_gmt":"2022-12-31T03:47:01","slug":"tshirt-support-ununukolal","status":"publish","type":"product","link":"https:\/\/www.afroleck.com\/fr\/produit\/tshirt-support-ununukolal\/","title":{"rendered":"Tshirt Support Ununukolal"},"content":{"rendered":"<p>T-shirt support du projet Ununukolal. Un projet noble de regeneration des arbres en voie de disparition.<br \/>\nCes T-shirt sont disponibles en plusieurs couleurs et formats. mettez une note sur votre commande. pour specifier vos couleurs pr\u00e9f\u00e9r\u00e9es et le format XXXL, XXL, XL, L, M, S<\/p>\n<p>&nbsp;<\/p>\n","protected":false},"excerpt":{"rendered":"<p>T-shirt support du projet Ununukolal. Un projet noble de regeneration des arbres en voie de disparition. Ces T-shirt sont disponibles en plusieurs couleurs et formats. mettez une note sur votre commande. pour specifier vos couleurs pr\u00e9f\u00e9r\u00e9es et le format XXXL, XXL, XL, L, M, S &nbsp;<\/p>\n","protected":false},"featured_media":2956,"comment_status":"open","ping_status":"closed","template":"","meta":{"_mi_skip_tracking":false},"product_cat":[212],"product_tag":[],"class_list":["post-2955","product","type-product","status-publish","has-post-thumbnail","hentry","product_cat-non-classe"],"_links":{"self":[{"href":"https:\/\/www.afroleck.com\/fr\/wp-json\/wp\/v2\/product\/2955","targetHints":{"allow":["GET"]}}],"collection":[{"href":"https:\/\/www.afroleck.com\/fr\/wp-json\/wp\/v2\/product"}],"about":[{"href":"https:\/\/www.afroleck.com\/fr\/wp-json\/wp\/v2\/types\/product"}],"replies":[{"embeddable":true,"href":"https:\/\/www.afroleck.com\/fr\/wp-json\/wp\/v2\/comments?post=2955"}],"wp:featuredmedia":[{"embeddable":true,"href":"https:\/\/www.afroleck.com\/fr\/wp-json\/wp\/v2\/media\/2956"}],"wp:attachment":[{"href":"https:\/\/www.afroleck.com\/fr\/wp-json\/wp\/v2\/media?parent=2955"}],"wp:term":[{"taxonomy":"product_cat","embeddable":true,"href":"https:\/\/www.afroleck.com\/fr\/wp-json\/wp\/v2\/product_cat?post=2955"},{"taxonomy":"product_tag","embeddable":true,"href":"https:\/\/www.afroleck.com\/fr\/wp-json\/wp\/v2\/product_tag?post=2955"}],"curies":[{"name":"wp","href":"https:\/\/api.w.org\/{rel}","templated":true}]}}