{"id":2963,"date":"2022-12-31T00:05:14","date_gmt":"2022-12-31T00:05:14","guid":{"rendered":"https:\/\/www.afroleck.com\/fr\/?post_type=product&#038;p=2963"},"modified":"2023-05-19T17:52:05","modified_gmt":"2023-05-19T17:52:05","slug":"t-shirt-support-ununukolal-3","status":"publish","type":"product","link":"https:\/\/www.afroleck.com\/fr\/produit\/t-shirt-support-ununukolal-3\/","title":{"rendered":"T-shirt support ununukolal"},"content":{"rendered":"<p>T-shirt support du projet Ununukolal. Un projet noble de regeneration des arbres en voie de disparition.<br \/>\nCes T-shirt sont disponibles en plusieurs couleurs et formats. mettez une note sur votre commande. pour specifier vos couleurs pr\u00e9f\u00e9r\u00e9es et le format XXXL, XXL, XL, L, M, S<\/p>\n","protected":false},"excerpt":{"rendered":"<p>T-shirt support du projet Ununukolal. Un projet noble de regeneration des arbres en voie de disparition. Ces T-shirt sont disponibles en plusieurs couleurs et formats. mettez une note sur votre commande. pour specifier vos couleurs pr\u00e9f\u00e9r\u00e9es et le format XXXL, XXL, XL, L, M, S<\/p>\n","protected":false},"featured_media":2964,"comment_status":"open","ping_status":"closed","template":"","meta":{"_mi_skip_tracking":false},"product_cat":[212],"product_tag":[],"class_list":["post-2963","product","type-product","status-publish","has-post-thumbnail","hentry","product_cat-non-classe"],"_links":{"self":[{"href":"https:\/\/www.afroleck.com\/fr\/wp-json\/wp\/v2\/product\/2963","targetHints":{"allow":["GET"]}}],"collection":[{"href":"https:\/\/www.afroleck.com\/fr\/wp-json\/wp\/v2\/product"}],"about":[{"href":"https:\/\/www.afroleck.com\/fr\/wp-json\/wp\/v2\/types\/product"}],"replies":[{"embeddable":true,"href":"https:\/\/www.afroleck.com\/fr\/wp-json\/wp\/v2\/comments?post=2963"}],"wp:featuredmedia":[{"embeddable":true,"href":"https:\/\/www.afroleck.com\/fr\/wp-json\/wp\/v2\/media\/2964"}],"wp:attachment":[{"href":"https:\/\/www.afroleck.com\/fr\/wp-json\/wp\/v2\/media?parent=2963"}],"wp:term":[{"taxonomy":"product_cat","embeddable":true,"href":"https:\/\/www.afroleck.com\/fr\/wp-json\/wp\/v2\/product_cat?post=2963"},{"taxonomy":"product_tag","embeddable":true,"href":"https:\/\/www.afroleck.com\/fr\/wp-json\/wp\/v2\/product_tag?post=2963"}],"curies":[{"name":"wp","href":"https:\/\/api.w.org\/{rel}","templated":true}]}}